{"id":1761,"date":"2022-09-14T14:26:35","date_gmt":"2022-09-14T11:26:35","guid":{"rendered":"https:\/\/hkgroup.tr\/?page_id=1761"},"modified":"2024-12-05T09:37:27","modified_gmt":"2024-12-05T06:37:27","slug":"kurumsal","status":"publish","type":"page","link":"https:\/\/www.hkgroup.tr\/en\/kurumsal","title":{"rendered":"About Us"},"content":{"rendered":"<h2>\n\t\tAbout Us\n\t<\/h2>\n\t<div class=\"ast-breadcrumbs-wrapper\">\r\n\t\t\t<div class=\"ast-breadcrumbs-inner\"><nav role=\"navigation\" aria-label=\"Breadcrumbs\" class=\"breadcrumb-trail breadcrumbs\" ><div class=\"ast-breadcrumbs\"><ul class=\"trail-items\" ><li  class=\"trail-item trail-end\"><span><a href=\"https:\/\/www.hkgroup.tr\/en\" rel=\"home\"><span >Home<\/span><\/a><\/span><\/li><\/ul><\/div><\/nav><\/div>\r\n\t\t<\/div>\n\t<p>As HK Group, we have been providing innovative, reliable and sustainable solutions for leading companies in their sectors for years. We operate with a wide range of products in food, plastics, paper, packaging, construction, PVC and many other industries, and we shape our products according to the specific needs of each sector. We continue to work with our modern production facilities and experienced team to meet the needs of our customers and add value to their business processes.<\/p>\n<p>Our solutions are always designed with quality, durability and environmentally friendly approaches. Hygienic and safe packaging solutions in the food industry, durable PVC products in the construction industry, high quality standards in plastic and PET bottle production, environmentally friendly options in paper packaging, we direct our efforts to provide the best service in each area.<\/p>\n<p>HK Group&#8217;un en b\u00fcy\u00fck fark\u0131, yaln\u0131zca \u00fcr\u00fcn sunmakla kalmay\u0131p, sekt\u00f6rel ihtiya\u00e7lar\u0131 derinlemesine anlayarak, \u00f6zel tasar\u0131mlar ve \u00f6zelle\u015ftirilmi\u015f \u00e7\u00f6z\u00fcmler sunmam\u0131zd\u0131r. S\u00fcrekli geli\u015fen sanayi ve teknolojiye ayak uydurarak, \u00fcretim s\u00fcre\u00e7lerimizi s\u00fcrekli olarak iyile\u015ftiriyor ve sekt\u00f6rdeki en yeni trendleri takip ediyoruz.<\/p>\n<p>Knowing our responsibility to the environment, we contribute to a greener future by using recycling-friendly and sustainable materials. We continue to be the most reliable solution partner in our sector with our commitment to quality, customer satisfaction-oriented approach and innovative vision.<\/p>\n<p>With our ever-growing customer portfolio and strong partnerships, we continue to offer quality and reliable products worldwide. As HK Group, we are here to offer the right solution for you and be with you every step of the way.<\/p>\n<h2>\n\t\tMission\n\t<\/h2>\n\t<p>As HK Group, our mission is to respond to the needs of our customers in the best way possible by providing high quality, reliable and sustainable products in every sector. We support sustainability with our understanding of providing customized solutions for the sector by using modern production technologies in areas such as food, plastics, paper, packaging, construction and PVC.<\/p>\n<h2>\n\t\tVision\n\t<\/h2>\n\t<p>Our vision is to be a globally recognized and preferred leader, to follow the innovations in our sector and to always offer better quality and sustainable products. We aim to be the best solution partner in the sector by continuously improving our technological infrastructure and production processes.<\/p>\n\t\t\t\t<img decoding=\"async\" src=\"https:\/\/hkgroup.tr\/wp-content\/uploads\/2022\/11\/GROUP-kopya-scaled.webp\" alt=\"GROUP kopya\" itemprop=\"image\" height=\"489\" width=\"2560\" title=\"GROUP kopya\" onerror=\"this.style.display='none'\"  \/>\n<h2>\n\t\tQuick Menu\n\t<\/h2>\n<h2>\n\t\tSectors\n\t<\/h2>\n<h2>\n\t\tContact\n\t<\/h2>\n\t<ul>\n\t\t<li>\t\t\t\t\n\t\t<h3>Address<\/h3><p>Hamidiye mah. No: 88 NURDA\u011eI \/ GAZ\u0130ANTEP<\/p><\/li><li>\t\t\t\t\n\t\t<h3>Telephone<\/h3><p>+09 (505) 255 18 95<\/p><\/li><li>\t\t\t\t\n\t\t<h3>Mail<\/h3><p><a href=\"mailto:info@hkgroup.tr\">info@hkgroup.tr<\/a><\/p><\/li>\t<\/ul>\n\t<p>\u00a9 Copyright 2024 <strong>HK Group<\/strong>All Rights Reserved<\/p>\n\t<p>Web Design<strong><a href=\"https:\/\/www.digitalkure.com\/\" target=\"_blank\" rel=\"noopener\"> Digital Kure \u00ae<\/a><\/strong><\/p>","protected":false},"excerpt":{"rendered":"<p>HK Group olarak, y\u0131llard\u0131r sekt\u00f6rlerinde &hellip;<\/p>\n<p class=\"read-more\"> <a class=\"\" href=\"https:\/\/www.hkgroup.tr\/en\/kurumsal\"> <span class=\"screen-reader-text\">About Us<\/span> Read More \u00bb<\/a><\/p>","protected":false},"author":8,"featured_media":0,"parent":0,"menu_order":0,"comment_status":"closed","ping_status":"closed","template":"","meta":{"_uag_custom_page_level_css":"","site-sidebar-layout":"default","site-content-layout":"default","ast-global-header-display":"","ast-main-header-display":"","ast-hfb-above-header-display":"","ast-hfb-below-header-display":"","ast-hfb-mobile-header-display":"","site-post-title":"disabled","ast-breadcrumbs-content":"","ast-featured-img":"","footer-sml-layout":null,"theme-transparent-header-meta":"default","adv-header-id-meta":"","stick-header-meta":"default","header-above-stick-meta":null,"header-main-stick-meta":"","header-below-stick-meta":null,"_joinchat":[],"footnotes":""},"class_list":["post-1761","page","type-page","status-publish","hentry"],"uagb_featured_image_src":{"full":false,"thumbnail":false,"medium":false,"medium_large":false,"large":false,"1536x1536":false,"2048x2048":false,"trp-custom-language-flag":false},"uagb_author_info":{"display_name":"digitalkure","author_link":"https:\/\/www.hkgroup.tr\/en\/author\/digitalkure"},"uagb_comment_info":0,"uagb_excerpt":"HK Group olarak, y\u0131llard\u0131r sekt\u00f6rlerinde &hellip; Hakk\u0131m\u0131zda Read More \u00bb","_links":{"self":[{"href":"https:\/\/www.hkgroup.tr\/en\/wp-json\/wp\/v2\/pages\/1761","targetHints":{"allow":["GET"]}}],"collection":[{"href":"https:\/\/www.hkgroup.tr\/en\/wp-json\/wp\/v2\/pages"}],"about":[{"href":"https:\/\/www.hkgroup.tr\/en\/wp-json\/wp\/v2\/types\/page"}],"author":[{"embeddable":true,"href":"https:\/\/www.hkgroup.tr\/en\/wp-json\/wp\/v2\/users\/8"}],"replies":[{"embeddable":true,"href":"https:\/\/www.hkgroup.tr\/en\/wp-json\/wp\/v2\/comments?post=1761"}],"version-history":[{"count":49,"href":"https:\/\/www.hkgroup.tr\/en\/wp-json\/wp\/v2\/pages\/1761\/revisions"}],"predecessor-version":[{"id":4740,"href":"https:\/\/www.hkgroup.tr\/en\/wp-json\/wp\/v2\/pages\/1761\/revisions\/4740"}],"wp:attachment":[{"href":"https:\/\/www.hkgroup.tr\/en\/wp-json\/wp\/v2\/media?parent=1761"}],"curies":[{"name":"wp","href":"https:\/\/api.w.org\/{rel}","templated":true}]}}