{"id":2185,"date":"2022-11-20T22:40:30","date_gmt":"2022-11-20T19:40:30","guid":{"rendered":"https:\/\/hkgroup.tr\/?page_id=2185"},"modified":"2024-12-09T11:37:38","modified_gmt":"2024-12-09T08:37:38","slug":"haberler","status":"publish","type":"page","link":"https:\/\/www.hkgroup.tr\/en\/haberler","title":{"rendered":"News"},"content":{"rendered":"<h2>\n\t\tNews\n\t<\/h2>\n\t<div class=\"ast-breadcrumbs-wrapper\">\r\n\t\t\t<div class=\"ast-breadcrumbs-inner\"><nav role=\"navigation\" aria-label=\"Breadcrumbs\" class=\"breadcrumb-trail breadcrumbs\" ><div class=\"ast-breadcrumbs\"><ul class=\"trail-items\" ><li  class=\"trail-item trail-end\"><span><a href=\"https:\/\/www.hkgroup.tr\/en\" rel=\"home\"><span >Home<\/span><\/a><\/span><\/li><\/ul><\/div><\/nav><\/div>\r\n\t\t<\/div>\n\t\t\t\t<img decoding=\"async\" src=\"https:\/\/hkgroup.tr\/wp-content\/uploads\/2022\/11\/GROUP-kopya-scaled.webp\" alt=\"GROUP kopya\" itemprop=\"image\" title=\"GROUP kopya\" onerror=\"this.style.display='none'\"  \/>\n<h2>\n\t\tQuick Menu\n\t<\/h2>\n<h2>\n\t\tSectors\n\t<\/h2>\n<h2>\n\t\tContact\n\t<\/h2>\n\t<ul>\n\t\t<li>\t\t\t\t\n\t\t<h3>Address<\/h3><p>Hamidiye mah. No: 88 NURDA\u011eI \/ GAZ\u0130ANTEP<\/p><\/li><li>\t\t\t\t\n\t\t<h3>Telephone<\/h3><p>+09 (505) 255 18 95<\/p><\/li><li>\t\t\t\t\n\t\t<h3>Mail<\/h3><p><a href=\"mailto:info@hkgroup.tr\">info@hkgroup.tr<\/a><\/p><\/li>\t<\/ul>\n\t<p>\u00a9 Copyright 2024 <strong>HK Group<\/strong>All Rights Reserved<\/p>\n\t<p>Web Design<strong><a href=\"https:\/\/www.digitalkure.com\/\" target=\"_blank\" rel=\"noopener\"> Digital Kure \u00ae<\/a><\/strong><\/p>","protected":false},"excerpt":{"rendered":"<p>H\u0131zl\u0131 Men\u00fc Sekt\u00f6rler \u0130leti\u015fim Adres &hellip;<\/p>\n<p class=\"read-more\"> <a class=\"\" href=\"https:\/\/www.hkgroup.tr\/en\/haberler\"> <span class=\"screen-reader-text\">News<\/span> Read More \u00bb<\/a><\/p>","protected":false},"author":8,"featured_media":0,"parent":0,"menu_order":0,"comment_status":"closed","ping_status":"closed","template":"","meta":{"_uag_custom_page_level_css":"","site-sidebar-layout":"default","site-content-layout":"default","ast-global-header-display":"","ast-main-header-display":"","ast-hfb-above-header-display":"","ast-hfb-below-header-display":"","ast-hfb-mobile-header-display":"","site-post-title":"disabled","ast-breadcrumbs-content":"","ast-featured-img":"","footer-sml-layout":null,"theme-transparent-header-meta":"default","adv-header-id-meta":"","stick-header-meta":"default","header-above-stick-meta":null,"header-main-stick-meta":"","header-below-stick-meta":null,"_joinchat":[],"footnotes":""},"class_list":["post-2185","page","type-page","status-publish","hentry"],"uagb_featured_image_src":{"full":false,"thumbnail":false,"medium":false,"medium_large":false,"large":false,"1536x1536":false,"2048x2048":false,"trp-custom-language-flag":false},"uagb_author_info":{"display_name":"digitalkure","author_link":"https:\/\/www.hkgroup.tr\/en\/author\/digitalkure"},"uagb_comment_info":0,"uagb_excerpt":"H\u0131zl\u0131 Men\u00fc Sekt\u00f6rler \u0130leti\u015fim Adres &hellip; Haberler Read More \u00bb","_links":{"self":[{"href":"https:\/\/www.hkgroup.tr\/en\/wp-json\/wp\/v2\/pages\/2185","targetHints":{"allow":["GET"]}}],"collection":[{"href":"https:\/\/www.hkgroup.tr\/en\/wp-json\/wp\/v2\/pages"}],"about":[{"href":"https:\/\/www.hkgroup.tr\/en\/wp-json\/wp\/v2\/types\/page"}],"author":[{"embeddable":true,"href":"https:\/\/www.hkgroup.tr\/en\/wp-json\/wp\/v2\/users\/8"}],"replies":[{"embeddable":true,"href":"https:\/\/www.hkgroup.tr\/en\/wp-json\/wp\/v2\/comments?post=2185"}],"version-history":[{"count":19,"href":"https:\/\/www.hkgroup.tr\/en\/wp-json\/wp\/v2\/pages\/2185\/revisions"}],"predecessor-version":[{"id":5087,"href":"https:\/\/www.hkgroup.tr\/en\/wp-json\/wp\/v2\/pages\/2185\/revisions\/5087"}],"wp:attachment":[{"href":"https:\/\/www.hkgroup.tr\/en\/wp-json\/wp\/v2\/media?parent=2185"}],"curies":[{"name":"wp","href":"https:\/\/api.w.org\/{rel}","templated":true}]}}