{"id":4440,"date":"2024-11-29T16:41:57","date_gmt":"2024-11-29T13:41:57","guid":{"rendered":"https:\/\/hkgroup.tr\/?page_id=4440"},"modified":"2024-12-10T12:07:58","modified_gmt":"2024-12-10T09:07:58","slug":"ambalaj","status":"publish","type":"page","link":"https:\/\/www.hkgroup.tr\/en\/urunler\/ambalaj","title":{"rendered":"Packing"},"content":{"rendered":"<h2>\n\t\tPacking\n\t<\/h2>\n\t<div class=\"ast-breadcrumbs-wrapper\">\r\n\t\t\t<div class=\"ast-breadcrumbs-inner\"><nav role=\"navigation\" aria-label=\"Breadcrumbs\" class=\"breadcrumb-trail breadcrumbs\" ><div class=\"ast-breadcrumbs\"><ul class=\"trail-items\" ><li  class=\"trail-item trail-end\"><span><a href=\"https:\/\/www.hkgroup.tr\/en\" rel=\"home\"><span >Home<\/span><\/a><\/span><\/li><\/ul><\/div><\/nav><\/div>\r\n\t\t<\/div>\n\t\t\t\t\t\t\t\t\t\t\t\t\t\t<a href=\"https:\/\/www.hkgroup.tr\/en\/kagit\/kagit-cantalar\/\" target=\"_self\" title=\"Paper Bags\" rel=\"noopener\">\n\t\t\t\t<img decoding=\"async\" src=\"https:\/\/hkgroup.tr\/wp-content\/uploads\/2023\/04\/Craft.png\" alt=\"\" \/>\n\t\t\t\t<\/a>\n\t\t\t\t\t\t<h3>\n\t\t\t\t<a href=\"https:\/\/www.hkgroup.tr\/en\/kagit\/kagit-cantalar\/\" title=\"Paper Bags\" tabindex=\"0\">Paper Bags<\/a>\t\t\t<\/h3>\n\t\t\t<a href=\"https:\/\/www.hkgroup.tr\/en\/kagit\/kagit-cantalar\/\" target=\"_self\" rel=\"noopener\">Detayl\u0131 \u0130ncele &#8594;<\/a>\t\t\n\t\t\t\t\t\t\t\t\t\t\t\t\t\t<a href=\"https:\/\/www.hkgroup.tr\/en\/a4-kagit\/a4-kagidi\/\" target=\"_self\" title=\"A4 Paper\" rel=\"noopener\">\n\t\t\t\t<img decoding=\"async\" src=\"https:\/\/hkgroup.tr\/wp-content\/uploads\/2023\/04\/a4-2.jpg\" alt=\"\" \/>\n\t\t\t\t<\/a>\n\t\t\t\t\t\t<h3>\n\t\t\t\t<a href=\"https:\/\/www.hkgroup.tr\/en\/a4-kagit\/a4-kagidi\/\" title=\"A4 Paper\" tabindex=\"0\">A4 Paper<\/a>\t\t\t<\/h3>\n\t\t\t<a href=\"https:\/\/www.hkgroup.tr\/en\/a4-kagit\/a4-kagidi\/\" target=\"_self\" rel=\"noopener\">Detayl\u0131 \u0130ncele &#8594;<\/a>\t\t\n\t\t\t\t\t\t\t\t\t\t\t\t\t\t<a href=\"https:\/\/www.hkgroup.tr\/en\/kagit\/sarma-kagidi\/\" target=\"_self\" title=\"Wrapping Paper\" rel=\"noopener\">\n\t\t\t\t<img decoding=\"async\" src=\"https:\/\/hkgroup.tr\/wp-content\/uploads\/2024\/12\/Adsiz-tasarim-14.webp\" alt=\"\" \/>\n\t\t\t\t<\/a>\n\t\t\t\t\t\t<h3>\n\t\t\t\t<a href=\"https:\/\/www.hkgroup.tr\/en\/kagit\/sarma-kagidi\/\" title=\"Wrapping Paper\" tabindex=\"0\">Wrapping Paper<\/a>\t\t\t<\/h3>\n\t\t\t<a href=\"https:\/\/www.hkgroup.tr\/en\/kagit\/sarma-kagidi\/\" target=\"_self\" rel=\"noopener\">Detayl\u0131 \u0130ncele &#8594;<\/a>\t\t\n\t\t\t\t<img decoding=\"async\" src=\"https:\/\/hkgroup.tr\/wp-content\/uploads\/2022\/11\/GROUP-kopya-scaled.webp\" alt=\"GROUP kopya\" itemprop=\"image\" title=\"GROUP kopya\" onerror=\"this.style.display='none'\"  \/>\n<h2>\n\t\tQuick Menu\n\t<\/h2>\n<h2>\n\t\tSectors\n\t<\/h2>\n<h2>\n\t\tContact\n\t<\/h2>\n\t<ul>\n\t\t<li>\t\t\t\t\n\t\t<h3>Address<\/h3><p>Hamidiye mah. No: 88 NURDA\u011eI \/ GAZ\u0130ANTEP<\/p><\/li><li>\t\t\t\t\n\t\t<h3>Telephone<\/h3><p>+90 (505) 255 18 95<\/p><\/li><li>\t\t\t\t\n\t\t<h3>Mail<\/h3><p><a href=\"mailto:info@hkgroup.tr\">info@hkgroup.tr<\/a><\/p><\/li>\t<\/ul>\n\t<p>\u00a9 Copyright 2024 <strong>HK Group<\/strong>All Rights Reserved<\/p>\n\t<p>Web Design<strong><a href=\"https:\/\/www.digitalkure.com\/\" target=\"_blank\" rel=\"noopener\"> Digital Kure \u00ae<\/a><\/strong><\/p>","protected":false},"excerpt":{"rendered":"<p>Ka\u011f\u0131t \u00c7antalar Detayl\u0131 \u0130ncele &#8594; &hellip;<\/p>\n<p class=\"read-more\"> <a class=\"\" href=\"https:\/\/www.hkgroup.tr\/en\/urunler\/ambalaj\"> <span class=\"screen-reader-text\">Packing<\/span> Read More \u00bb<\/a><\/p>","protected":false},"author":18,"featured_media":4454,"parent":1763,"menu_order":0,"comment_status":"closed","ping_status":"closed","template":"","meta":{"_uag_custom_page_level_css":"","site-sidebar-layout":"default","site-content-layout":"default","ast-global-header-display":"","ast-main-header-display":"","ast-hfb-above-header-display":"","ast-hfb-below-header-display":"","ast-hfb-mobile-header-display":"","site-post-title":"disabled","ast-breadcrumbs-content":"","ast-featured-img":"disabled","footer-sml-layout":"","theme-transparent-header-meta":"default","adv-header-id-meta":"","stick-header-meta":"default","header-above-stick-meta":"","header-main-stick-meta":"","header-below-stick-meta":"","_joinchat":[],"footnotes":""},"class_list":["post-4440","page","type-page","status-publish","has-post-thumbnail","hentry"],"uagb_featured_image_src":{"full":["https:\/\/www.hkgroup.tr\/wp-content\/uploads\/2024\/11\/1.webp",400,500,false],"thumbnail":["https:\/\/www.hkgroup.tr\/wp-content\/uploads\/2024\/11\/1-150x150.webp",150,150,true],"medium":["https:\/\/www.hkgroup.tr\/wp-content\/uploads\/2024\/11\/1-240x300.webp",240,300,true],"medium_large":["https:\/\/www.hkgroup.tr\/wp-content\/uploads\/2024\/11\/1.webp",400,500,false],"large":["https:\/\/www.hkgroup.tr\/wp-content\/uploads\/2024\/11\/1.webp",400,500,false],"1536x1536":["https:\/\/www.hkgroup.tr\/wp-content\/uploads\/2024\/11\/1.webp",400,500,false],"2048x2048":["https:\/\/www.hkgroup.tr\/wp-content\/uploads\/2024\/11\/1.webp",400,500,false],"trp-custom-language-flag":["https:\/\/www.hkgroup.tr\/wp-content\/uploads\/2024\/11\/1.webp",10,12,false]},"uagb_author_info":{"display_name":"Nesrin Yarar","author_link":"https:\/\/www.hkgroup.tr\/en\/author\/nesrin"},"uagb_comment_info":0,"uagb_excerpt":"Ka\u011f\u0131t \u00c7antalar Detayl\u0131 \u0130ncele &#8594; &hellip; Ambalaj Read More \u00bb","_links":{"self":[{"href":"https:\/\/www.hkgroup.tr\/en\/wp-json\/wp\/v2\/pages\/4440","targetHints":{"allow":["GET"]}}],"collection":[{"href":"https:\/\/www.hkgroup.tr\/en\/wp-json\/wp\/v2\/pages"}],"about":[{"href":"https:\/\/www.hkgroup.tr\/en\/wp-json\/wp\/v2\/types\/page"}],"author":[{"embeddable":true,"href":"https:\/\/www.hkgroup.tr\/en\/wp-json\/wp\/v2\/users\/18"}],"replies":[{"embeddable":true,"href":"https:\/\/www.hkgroup.tr\/en\/wp-json\/wp\/v2\/comments?post=4440"}],"version-history":[{"count":12,"href":"https:\/\/www.hkgroup.tr\/en\/wp-json\/wp\/v2\/pages\/4440\/revisions"}],"predecessor-version":[{"id":5191,"href":"https:\/\/www.hkgroup.tr\/en\/wp-json\/wp\/v2\/pages\/4440\/revisions\/5191"}],"up":[{"embeddable":true,"href":"https:\/\/www.hkgroup.tr\/en\/wp-json\/wp\/v2\/pages\/1763"}],"wp:featuredmedia":[{"embeddable":true,"href":"https:\/\/www.hkgroup.tr\/en\/wp-json\/wp\/v2\/media\/4454"}],"wp:attachment":[{"href":"https:\/\/www.hkgroup.tr\/en\/wp-json\/wp\/v2\/media?parent=4440"}],"curies":[{"name":"wp","href":"https:\/\/api.w.org\/{rel}","templated":true}]}}